{"id":2854,"date":"2023-09-23T14:15:16","date_gmt":"2023-09-23T12:15:16","guid":{"rendered":"https:\/\/killianhoudon.fr\/?page_id=2854"},"modified":"2023-10-03T12:26:11","modified_gmt":"2023-10-03T10:26:11","slug":"qui-suis-je","status":"publish","type":"page","link":"https:\/\/killianhoudon.fr\/index.php\/qui-suis-je\/","title":{"rendered":"Qui suis-je ?"},"content":{"rendered":"<p>[vc_row full_width=&#8221;stretch_row&#8221; content_placement=&#8221;middle&#8221; css_animation=&#8221;fadeIn&#8221; css=&#8221;.vc_custom_1695473392090{margin-top: 50px !important;}&#8221;][vc_column width=&#8221;1\/2&#8243;][vc_column_text]<\/p>\n<h4><strong>\n<span class=\"mkd-highlight\" style=\"color: #ffffff;background-color: #d26b0c\">\n\t J&#8217;ai toujours dessin\u00e9 <\/span><\/strong><\/h4>\n<p>\u00c0 l\u2019\u00e9cole primaire je suis le r\u00e9f\u00e9rent de la classe pour dessiner la m\u00e8che de Titeuf. Apr\u00e8s le bac je m\u2019interroge en regardant mes pages de cours aux marges noircies de crobars. Je choisis finalement d\u2019\u00e9tudier la sociologie et l\u2019urbanisme.<\/p>\n<p>Je commence \u00e0 travailler dans l\u2019associatif et la fonction publique sur divers postes en lien avec l\u2019\u00e9conomie sociale et solidaire.<\/p>\n<p>Et le dessin ? Un plaisir en toile de fond me dis-je. <strong>Vraiment ?<\/strong><\/p>\n<p>Un dimanche de f\u00e9vrier, une amie, d\u00e9coratrice pour le cin\u00e9ma, m\u2019appelle. Elle me demande si je veux r\u00e9aliser un storyboard pour un court-m\u00e9trage.<\/p>\n<p><strong>Bien s\u00fbr ! C\u2019est une \u00e9vidence, j\u2019aime jeter des histoires sur le papier.<\/strong><\/p>\n<p>D\u00e9but 2023, je me lance. D\u00e9sormais je partage mon temps entre la r\u00e9alisation de storyboard pour la publicit\u00e9 et le cin\u00e9ma &amp; la r\u00e9alisation de bandes dessin\u00e9es.[\/vc_column_text][\/vc_column][vc_column width=&#8221;1\/2&#8243;][vc_single_image image=&#8221;2860&#8243; img_size=&#8221;500&#215;750&#8243; alignment=&#8221;center&#8221; style=&#8221;vc_box_rounded&#8221; css_animation=&#8221;slideInUp&#8221;][\/vc_column][\/vc_row]<\/p>\n","protected":false},"excerpt":{"rendered":"<p>[vc_row full_width=&#8221;stretch_row&#8221; content_placement=&#8221;middle&#8221; css_animation=&#8221;fadeIn&#8221; css=&#8221;.vc_custom_1695473392090{margin-top: 50px !important;}&#8221;][vc_column width=&#8221;1\/2&#8243;][vc_column_text] \u00c0 l\u2019\u00e9cole primaire je suis le r\u00e9f\u00e9rent de la classe pour dessiner la m\u00e8che de Titeuf. Apr\u00e8s le bac je m\u2019interroge en regardant mes pages de cours aux marges noircies de crobars. [&hellip;]<\/p>\n","protected":false},"author":1,"featured_media":0,"parent":0,"menu_order":0,"comment_status":"closed","ping_status":"closed","template":"","meta":{"om_disable_all_campaigns":false,"_monsterinsights_skip_tracking":false,"_monsterinsights_sitenote_active":false,"_monsterinsights_sitenote_note":"","_monsterinsights_sitenote_category":0,"footnotes":""},"class_list":["post-2854","page","type-page","status-publish","hentry"],"aioseo_notices":[],"_links":{"self":[{"href":"https:\/\/killianhoudon.fr\/index.php\/wp-json\/wp\/v2\/pages\/2854","targetHints":{"allow":["GET"]}}],"collection":[{"href":"https:\/\/killianhoudon.fr\/index.php\/wp-json\/wp\/v2\/pages"}],"about":[{"href":"https:\/\/killianhoudon.fr\/index.php\/wp-json\/wp\/v2\/types\/page"}],"author":[{"embeddable":true,"href":"https:\/\/killianhoudon.fr\/index.php\/wp-json\/wp\/v2\/users\/1"}],"replies":[{"embeddable":true,"href":"https:\/\/killianhoudon.fr\/index.php\/wp-json\/wp\/v2\/comments?post=2854"}],"version-history":[{"count":32,"href":"https:\/\/killianhoudon.fr\/index.php\/wp-json\/wp\/v2\/pages\/2854\/revisions"}],"predecessor-version":[{"id":2994,"href":"https:\/\/killianhoudon.fr\/index.php\/wp-json\/wp\/v2\/pages\/2854\/revisions\/2994"}],"wp:attachment":[{"href":"https:\/\/killianhoudon.fr\/index.php\/wp-json\/wp\/v2\/media?parent=2854"}],"curies":[{"name":"wp","href":"https:\/\/api.w.org\/{rel}","templated":true}]}}